{"id":698,"date":"2023-03-10T10:58:27","date_gmt":"2023-03-10T10:58:27","guid":{"rendered":"https:\/\/bryansparkweb.inkrementia.com\/?page_id=698"},"modified":"2023-03-10T11:27:12","modified_gmt":"2023-03-10T11:27:12","slug":"contacto","status":"publish","type":"page","link":"https:\/\/brayanspark.com\/?page_id=698","title":{"rendered":"Contacto"},"content":{"rendered":"<p>[et_pb_section fb_built=\u00bb1&#8243; custom_padding_last_edited=\u00bbon|phone\u00bb _builder_version=\u00bb4.20.0&#8243; _module_preset=\u00bbdefault\u00bb use_background_color_gradient=\u00bbon\u00bb background_color_gradient_stops=\u00bbrgba(18,29,39,0.87) 0%|rgba(18,29,39,0.87) 100%\u00bb background_color_gradient_overlays_image=\u00bbon\u00bb background_image=\u00bbhttps:\/\/brayanspark.com\/wp-content\/uploads\/2023\/02\/1-scaled.jpg\u00bb parallax=\u00bbon\u00bb parallax_method=\u00bboff\u00bb custom_margin=\u00bb0px||0px||false|false\u00bb custom_padding=\u00bb40px||132px||false|false\u00bb custom_padding_tablet=\u00bb100px||100px||false|false\u00bb custom_padding_phone=\u00bb25px||30px||false|false\u00bb animation_style=\u00bbfade\u00bb hover_enabled=\u00bb0&#8243; global_colors_info=\u00bb{}\u00bb sticky_enabled=\u00bb0&#8243;][et_pb_row _builder_version=\u00bb4.20.0&#8243; _module_preset=\u00bbdefault\u00bb width=\u00bb90%\u00bb max_width=\u00bb1140px\u00bb custom_margin=\u00bb0px|auto|51px|auto|false|false\u00bb custom_padding=\u00bb0px||0px||false|false\u00bb animation_style=\u00bbzoom\u00bb global_colors_info=\u00bb{}\u00bb][et_pb_column type=\u00bb4_4&#8243; _builder_version=\u00bb4.17.4&#8243; _module_preset=\u00bbdefault\u00bb global_colors_info=\u00bb{}\u00bb][et_pb_text _builder_version=\u00bb4.20.0&#8243; _module_preset=\u00bbdefault\u00bb header_4_font=\u00bbSource Sans Pro|600||on|||||\u00bb header_4_text_align=\u00bbcenter\u00bb header_4_text_color=\u00bb#c5a572&#8243; header_4_font_size=\u00bb16px\u00bb custom_margin=\u00bb0px||15px||false|false\u00bb custom_padding=\u00bb0px||0px||false|false\u00bb global_colors_info=\u00bb{}\u00bb]<\/p>\n<h4><span>Vis\u00edtanos<\/span><\/h4>\n<p>[\/et_pb_text][et_pb_text _builder_version=\u00bb4.20.0&#8243; _module_preset=\u00bbdefault\u00bb header_2_font=\u00bbArima Madurai|900|||||||\u00bb header_2_text_align=\u00bbcenter\u00bb header_2_text_color=\u00bb#FFFFFF\u00bb header_2_font_size=\u00bb38px\u00bb custom_margin=\u00bb0px||17px||false|false\u00bb custom_padding=\u00bb0px||0px||false|false\u00bb header_2_font_size_tablet=\u00bb38px\u00bb header_2_font_size_phone=\u00bb30px\u00bb header_2_font_size_last_edited=\u00bbon|phone\u00bb global_colors_info=\u00bb{}\u00bb]<\/p>\n<h2><span>Donde Estamos<\/span><\/h2>\n<p>[\/et_pb_text][et_pb_image src=\u00bbhttps:\/\/brayanspark.com\/wp-content\/uploads\/2023\/02\/restaurant-15-icon.png\u00bb title_text=\u00bbrestaurant-15-icon\u00bb align=\u00bbcenter\u00bb _builder_version=\u00bb4.20.0&#8243; _module_preset=\u00bbdefault\u00bb custom_margin=\u00bb0px||0px||false|false\u00bb custom_padding=\u00bb0px||0px||false|false\u00bb custom_css_before=\u00bb    content: %22%22;||    position: absolute;||    width: 85px;||    height: 2px;||    margin: auto;||    top: 6px;||    background-color: #C5A572;||    left: -157px;||    right: 0;\u00bb custom_css_after=\u00bbcontent: %22%22;||    position: absolute;||    width: 85px;||    height: 2px;||    margin: auto;||    top: 6px;||    background-color: #C5A572;||\t\tleft: 137px;||    right: -20px;\u00bb global_colors_info=\u00bb{}\u00bb][\/et_pb_image][\/et_pb_column][\/et_pb_row][et_pb_row column_structure=\u00bb3_5,2_5&#8243; use_custom_gutter=\u00bbon\u00bb gutter_width=\u00bb1&#8243; make_equal=\u00bbon\u00bb _builder_version=\u00bb4.20.0&#8243; _module_preset=\u00bbdefault\u00bb background_color=\u00bb#FFFFFF\u00bb max_width=\u00bb2560px\u00bb max_width_tablet=\u00bb80%\u00bb max_width_phone=\u00bb80%\u00bb max_width_last_edited=\u00bbon|phone\u00bb min_height=\u00bb566.9px\u00bb custom_margin=\u00bb0px||0px||false|false\u00bb custom_padding=\u00bb0px||0px||false|false\u00bb animation_style=\u00bbslide\u00bb animation_direction=\u00bbleft\u00bb custom_css_main_element=\u00bboutline:15px solid #fff;\u00bb border_width_all=\u00bb1px\u00bb border_color_all=\u00bb#c5a572&#8243; border_style_all=\u00bbdashed\u00bb global_colors_info=\u00bb{}\u00bb][et_pb_column type=\u00bb3_5&#8243; _builder_version=\u00bb4.17.4&#8243; _module_preset=\u00bbdefault\u00bb custom_padding=\u00bb35px|15px|35px|35px|false|false\u00bb custom_padding_tablet=\u00bb35px|35px|0px|35px|false|false\u00bb custom_padding_phone=\u00bb35px|20px|0px|20px|false|false\u00bb custom_padding_last_edited=\u00bbon|tablet\u00bb global_colors_info=\u00bb{}\u00bb][et_pb_code _builder_version=\u00bb4.20.0&#8243; _module_preset=\u00bbdefault\u00bb global_colors_info=\u00bb{}\u00bb]<iframe src=\"https:\/\/www.google.com\/maps\/embed?pb=!1m18!1m12!1m3!1d799.3796151964849!2d-4.4194962!3d36.7341246!2m3!1f0!2f0!3f0!3m2!1i1024!2i768!4f13.1!3m3!1m2!1s0xd72f702b4b5bea1%3A0x22a40e6a2bc767d1!2sBRAYAN&#39;S%20PARK!5e0!3m2!1ses!2ses!4v1678446261660!5m2!1ses!2ses\" width=\"800\" height=\"500\" style=\"border:0;\" allowfullscreen=\"\" loading=\"lazy\" referrerpolicy=\"no-referrer-when-downgrade\"><\/iframe>[\/et_pb_code][\/et_pb_column][et_pb_column type=\u00bb2_5&#8243; _builder_version=\u00bb4.17.4&#8243; _module_preset=\u00bbdefault\u00bb custom_padding=\u00bb35px|15px|35px|35px|false|false\u00bb custom_padding_tablet=\u00bb35px|35px|0px|35px|false|false\u00bb custom_padding_phone=\u00bb35px|20px|0px|20px|false|false\u00bb custom_padding_last_edited=\u00bbon|tablet\u00bb global_colors_info=\u00bb{}\u00bb][et_pb_text _builder_version=\u00bb4.20.0&#8243; _module_preset=\u00bbdefault\u00bb text_font=\u00bbArima Madurai|900|||||||\u00bb text_text_color=\u00bb#1f9b00&#8243; text_font_size=\u00bb28px\u00bb text_orientation=\u00bbcenter\u00bb custom_margin=\u00bb0px||10px||false|false\u00bb custom_padding=\u00bb0px||0px||false|false\u00bb locked=\u00bboff\u00bb global_colors_info=\u00bb{}\u00bb]<\/p>\n<p><span class=\"grammar correction\" data-type=\"grammar\" data-suggestions=\"[{&quot;value&quot;:&quot;Cont\u00e1ctanos&quot;},{&quot;value&quot;:&quot;Contactadnos&quot;}]\" data-rule=\"VOSEO\" title=\"Forma correcta si se usa voseo. Si no, utilice una forma alternativa.\" data-word=\"Contactanos\">Cont\u00e1ctanos<\/span><span> para cualquier duda<\/span><\/p>\n<p>[\/et_pb_text][et_pb_text _builder_version=\u00bb4.20.0&#8243; _module_preset=\u00bbdefault\u00bb text_font=\u00bbSource Sans Pro||||||||\u00bb text_text_color=\u00bb#191919&#8243; text_font_size=\u00bb16px\u00bb text_orientation=\u00bbcenter\u00bb custom_margin=\u00bb0px||0px||false|false\u00bb custom_padding=\u00bb0px||29px||false|false\u00bb locked=\u00bboff\u00bb global_colors_info=\u00bb{}\u00bb]<\/p>\n<p style=\"text-align: justify;\"><span>Ya sea que quieras hacer una reserva, preguntarnos sobre nuestros platos o <\/span><span class=\"misspelling correction\" data-type=\"misspelling\" data-suggestions=\"[{&quot;value&quot;:&quot;cualquier&quot;}]\" data-rule=\"MORFOLOGIK_RULE_ES\" title=\"Se ha encontrado un posible error ortogr\u00e1fico.\" data-word=\"cualqueir\">cualquier<\/span><span> <\/span><span class=\"grammar correction\" data-type=\"grammar\" data-suggestions=\"[{&quot;value&quot;:&quot;duda,&quot;}]\" data-rule=\"AI_ES_HYDRA_LEO_MISSING_COMMA\" title=\"Probablemente falta una coma.\" data-word=\"duda\">duda,<\/span><span> <\/span><span class=\"grammar correction\" data-type=\"grammar\" data-suggestions=\"[{&quot;value&quot;:&quot;cont\u00e1ctanos&quot;},{&quot;value&quot;:&quot;contactadnos&quot;}]\" data-rule=\"VOSEO\" title=\"Forma correcta si se usa voseo. Si no, utilice una forma alternativa.\" data-word=\"contactanos\">cont\u00e1ctanos<\/span><span> de la manera que prefieras. Te dejaremos nuestras formas de contacto <\/span><span class=\"grammar correction\" data-type=\"grammar\" data-suggestions=\"[{&quot;value&quot;:&quot;m\u00e1s&quot;}]\" data-rule=\"MAS\" title=\"Si no equivale a \u2018pero\u2019 o \u2018sino\u2019, se escribe con tilde.\" data-word=\"mas\">m\u00e1s<\/span><span> <\/span><span class=\"misspelling correction\" data-type=\"misspelling\" data-suggestions=\"[{&quot;value&quot;:&quot;abajo&quot;},{&quot;value&quot;:&quot;abaja&quot;},{&quot;value&quot;:&quot;abaje&quot;},{&quot;value&quot;:&quot;abaj\u00e1&quot;},{&quot;value&quot;:&quot;abaj\u00e9&quot;},{&quot;value&quot;:&quot;abaj\u00f3&quot;},{&quot;value&quot;:&quot;ABAP&quot;}]\" data-rule=\"MORFOLOGIK_RULE_ES\" title=\"Se ha encontrado un posible error ortogr\u00e1fico.\" data-word=\"abajp\">abajo<\/span><span>.<\/span><\/p>\n<p>[\/et_pb_text][et_pb_blurb title=\u00bbGmail\u00bb use_icon=\u00bbon\u00bb font_icon=\u00bb&#xe010;||divi||400&#8243; icon_color=\u00bb#e02b20&#8243; icon_placement=\u00bbleft\u00bb _builder_version=\u00bb4.20.0&#8243; _module_preset=\u00bbdefault\u00bb header_font=\u00bbArima Madurai|900|||||||\u00bb header_text_color=\u00bb#1f9b00&#8243; header_font_size=\u00bb28px\u00bb body_font=\u00bbSource Sans Pro||||||||\u00bb body_text_color=\u00bb#191919&#8243; body_font_size=\u00bb16px\u00bb custom_margin=\u00bb||20px||false|false\u00bb global_colors_info=\u00bb{}\u00bb]<\/p>\n<p>info@brayanspark.com<\/p>\n<p>[\/et_pb_blurb][et_pb_blurb title=\u00bbTel\u00e9fono \u00bb use_icon=\u00bbon\u00bb font_icon=\u00bb&#xe00b;||divi||400&#8243; icon_color=\u00bb#e02b20&#8243; icon_placement=\u00bbleft\u00bb _builder_version=\u00bb4.20.0&#8243; _module_preset=\u00bbdefault\u00bb header_font=\u00bbArima Madurai|900|||||||\u00bb header_text_color=\u00bb#1f9b00&#8243; header_font_size=\u00bb28px\u00bb body_font=\u00bbSource Sans Pro||||||||\u00bb body_text_color=\u00bb#191919&#8243; body_font_size=\u00bb16px\u00bb custom_margin=\u00bb||20px||false|false\u00bb global_colors_info=\u00bb{}\u00bb]<\/p>\n<p>+34 692 839 494<\/p>\n<p>[\/et_pb_blurb][et_pb_blurb title=\u00bbRedes sociales\u00bb use_icon=\u00bbon\u00bb font_icon=\u00bb&#xe605;||divi||400&#8243; icon_color=\u00bb#e02b20&#8243; icon_placement=\u00bbleft\u00bb _builder_version=\u00bb4.20.0&#8243; _module_preset=\u00bbdefault\u00bb header_font=\u00bbArima Madurai|900|||||||\u00bb header_text_color=\u00bb#1f9b00&#8243; header_font_size=\u00bb28px\u00bb body_font=\u00bbSource Sans Pro||||||||\u00bb body_text_color=\u00bb#191919&#8243; body_font_size=\u00bb16px\u00bb custom_margin=\u00bb||20px||false|false\u00bb global_colors_info=\u00bb{}\u00bb][\/et_pb_blurb][et_pb_social_media_follow _builder_version=\u00bb4.20.0&#8243; _module_preset=\u00bbdefault\u00bb custom_margin=\u00bb-20px|||50px|false|false\u00bb global_colors_info=\u00bb{}\u00bb][et_pb_social_media_follow_network social_network=\u00bbfacebook\u00bb _builder_version=\u00bb4.20.0&#8243; _module_preset=\u00bbdefault\u00bb background_color=\u00bb#3b5998&#8243; global_colors_info=\u00bb{}\u00bb follow_button=\u00bboff\u00bb url_new_window=\u00bbon\u00bb]facebook[\/et_pb_social_media_follow_network][et_pb_social_media_follow_network social_network=\u00bbinstagram\u00bb _builder_version=\u00bb4.20.0&#8243; _module_preset=\u00bbdefault\u00bb background_color=\u00bb#ea2c59&#8243; global_colors_info=\u00bb{}\u00bb follow_button=\u00bboff\u00bb url_new_window=\u00bbon\u00bb]instagram[\/et_pb_social_media_follow_network][\/et_pb_social_media_follow][\/et_pb_column][\/et_pb_row][\/et_pb_section]<\/p>\n","protected":false},"excerpt":{"rendered":"<p>Vis\u00edtanosDonde EstamosCont\u00e1ctanos para cualquier dudaYa sea que quieras hacer una reserva, preguntarnos sobre nuestros platos o cualquier duda, cont\u00e1ctanos de la manera que prefieras. Te dejaremos nuestras formas de contacto m\u00e1s abajo.info@brayanspark.com+34 692 839 494<\/p>\n","protected":false},"author":1,"featured_media":0,"parent":0,"menu_order":0,"comment_status":"closed","ping_status":"closed","template":"","meta":{"_et_pb_use_builder":"on","_et_pb_old_content":"<!-- wp:divi\/placeholder \/-->","_et_gb_content_width":"","footnotes":""},"class_list":["post-698","page","type-page","status-publish","hentry"],"_links":{"self":[{"href":"https:\/\/brayanspark.com\/index.php?rest_route=\/wp\/v2\/pages\/698","targetHints":{"allow":["GET"]}}],"collection":[{"href":"https:\/\/brayanspark.com\/index.php?rest_route=\/wp\/v2\/pages"}],"about":[{"href":"https:\/\/brayanspark.com\/index.php?rest_route=\/wp\/v2\/types\/page"}],"author":[{"embeddable":true,"href":"https:\/\/brayanspark.com\/index.php?rest_route=\/wp\/v2\/users\/1"}],"replies":[{"embeddable":true,"href":"https:\/\/brayanspark.com\/index.php?rest_route=%2Fwp%2Fv2%2Fcomments&post=698"}],"version-history":[{"count":7,"href":"https:\/\/brayanspark.com\/index.php?rest_route=\/wp\/v2\/pages\/698\/revisions"}],"predecessor-version":[{"id":715,"href":"https:\/\/brayanspark.com\/index.php?rest_route=\/wp\/v2\/pages\/698\/revisions\/715"}],"wp:attachment":[{"href":"https:\/\/brayanspark.com\/index.php?rest_route=%2Fwp%2Fv2%2Fmedia&parent=698"}],"curies":[{"name":"wp","href":"https:\/\/api.w.org\/{rel}","templated":true}]}}