{"id":683,"date":"2023-03-10T10:09:17","date_gmt":"2023-03-10T10:09:17","guid":{"rendered":"https:\/\/bryansparkweb.inkrementia.com\/?page_id=683"},"modified":"2023-03-10T11:28:09","modified_gmt":"2023-03-10T11:28:09","slug":"quienes-somos","status":"publish","type":"page","link":"https:\/\/brayanspark.com\/?page_id=683","title":{"rendered":"Quienes somos"},"content":{"rendered":"<p>[et_pb_section fb_built=\u00bb1&#8243; fullwidth=\u00bbon\u00bb _builder_version=\u00bb4.20.0&#8243; _module_preset=\u00bbdefault\u00bb global_colors_info=\u00bb{}\u00bb][et_pb_fullwidth_slider _builder_version=\u00bb4.20.0&#8243; _module_preset=\u00bbdefault\u00bb body_font=\u00bbArima Madurai||||||||\u00bb custom_button=\u00bbon\u00bb hover_enabled=\u00bb0&#8243; global_colors_info=\u00bb{}\u00bb sticky_enabled=\u00bb0&#8243;][et_pb_slide heading=\u00bbQUIENES SOMOS\u00bb use_text_overlay=\u00bbon\u00bb text_overlay_color=\u00bbrgba(0,0,0,0.44)\u00bb _builder_version=\u00bb4.20.0&#8243; _module_preset=\u00bbdefault\u00bb header_font=\u00bbArima Madurai|900|||||||\u00bb header_text_color=\u00bb#26d300&#8243; header_font_size=\u00bb75px\u00bb body_font_size=\u00bb20px\u00bb background_image=\u00bbhttps:\/\/brayanspark.com\/wp-content\/uploads\/2023\/03\/hombre-poniendo-rucula-masa-pizza.jpg\u00bb background_enable_image=\u00bbon\u00bb background_position=\u00bbbottom_center\u00bb custom_button=\u00bbon\u00bb button_text_color=\u00bb#FFFFFF\u00bb button_bg_color=\u00bb#E02B20&#8243; button_border_color=\u00bb#E02B20&#8243; hover_enabled=\u00bb0&#8243; global_colors_info=\u00bb{}\u00bb sticky_transition=\u00bbon\u00bb header_font_size_last_edited=\u00bbon|phone\u00bb header_font_size_phone=\u00bb40px\u00bb sticky_enabled=\u00bb0&#8243; header_font_size_tablet=\u00bb75px\u00bb][\/et_pb_slide][\/et_pb_fullwidth_slider][\/et_pb_section][et_pb_section fb_built=\u00bb1&#8243; custom_padding_last_edited=\u00bbon|phone\u00bb _builder_version=\u00bb4.20.0&#8243; _module_preset=\u00bbdefault\u00bb background_enable_image=\u00bboff\u00bb background_size=\u00bbinitial\u00bb background_position=\u00bbtop_right\u00bb background_vertical_offset=\u00bb24%\u00bb custom_margin=\u00bb0px||0px||false|false\u00bb custom_padding=\u00bb40px||50px||false|false\u00bb custom_padding_tablet=\u00bb1px||115px||false|false\u00bb custom_padding_phone=\u00bb1px||10px||false|false\u00bb hover_enabled=\u00bb0&#8243; global_colors_info=\u00bb{}\u00bb sticky_enabled=\u00bb0&#8243;][et_pb_row column_structure=\u00bb1_2,1_2&#8243; use_custom_gutter=\u00bbon\u00bb gutter_width=\u00bb1&#8243; _builder_version=\u00bb4.20.0&#8243; _module_preset=\u00bbdefault\u00bb transform_scale_tablet=\u00bb\u00bb transform_scale_phone=\u00bb\u00bb transform_scale_last_edited=\u00bbon|tablet\u00bb transform_translate=\u00bb26px|0px\u00bb transform_translate_tablet=\u00bb0px|0px\u00bb transform_translate_phone=\u00bb0px|0px\u00bb transform_translate_last_edited=\u00bbon|tablet\u00bb transform_translate_linked=\u00bboff\u00bb transform_rotate_tablet=\u00bb\u00bb transform_rotate_phone=\u00bb\u00bb transform_rotate_last_edited=\u00bbon|tablet\u00bb transform_skew_tablet=\u00bb\u00bb transform_skew_phone=\u00bb\u00bb transform_skew_last_edited=\u00bbon|tablet\u00bb transform_origin_tablet=\u00bb\u00bb transform_origin_phone=\u00bb\u00bb transform_origin_last_edited=\u00bbon|tablet\u00bb transform_styles_last_edited=\u00bbon|tablet\u00bb width=\u00bb90%\u00bb max_width=\u00bb1190px\u00bb custom_margin=\u00bb0px||0px||false|false\u00bb custom_padding=\u00bb0px||0px||false|false\u00bb animation_style=\u00bbzoom\u00bb hover_enabled=\u00bb0&#8243; transform_styles_tablet=\u00bb\u00bb transform_styles_phone=\u00bb\u00bb global_colors_info=\u00bb{}\u00bb sticky_enabled=\u00bb0&#8243; custom_margin_last_edited=\u00bbon|phone\u00bb custom_margin_phone=\u00bb0px||||false|false\u00bb custom_margin_tablet=\u00bb0px||0px||false|false\u00bb][et_pb_column type=\u00bb1_2&#8243; _builder_version=\u00bb4.17.4&#8243; _module_preset=\u00bbdefault\u00bb global_colors_info=\u00bb{}\u00bb][et_pb_image src=\u00bbhttps:\/\/brayanspark.com\/wp-content\/uploads\/2023\/02\/3.jpg\u00bb title_text=\u00bb3&#8243; align=\u00bbcenter\u00bb _builder_version=\u00bb4.20.0&#8243; _module_preset=\u00bbdefault\u00bb custom_margin=\u00bb0px||0px||false|false\u00bb custom_margin_tablet=\u00bb||100px||false|false\u00bb custom_margin_phone=\u00bb||0px||false|false\u00bb custom_margin_last_edited=\u00bbon|tablet\u00bb custom_padding=\u00bb0px||0px||false|false\u00bb hover_enabled=\u00bb0&#8243; global_colors_info=\u00bb{}\u00bb sticky_enabled=\u00bb0&#8243;][\/et_pb_image][\/et_pb_column][et_pb_column type=\u00bb1_2&#8243; _builder_version=\u00bb4.20.0&#8243; _module_preset=\u00bbdefault\u00bb background_color=\u00bb#FFFFFF\u00bb transform_scale_tablet=\u00bb\u00bb transform_scale_phone=\u00bb\u00bb transform_scale_last_edited=\u00bbon|tablet\u00bb transform_translate=\u00bb-51px|33px\u00bb transform_translate_tablet=\u00bb0px|0px\u00bb transform_translate_phone=\u00bb0px|0px\u00bb transform_translate_last_edited=\u00bbon|tablet\u00bb transform_translate_linked=\u00bboff\u00bb transform_rotate_tablet=\u00bb\u00bb transform_rotate_phone=\u00bb\u00bb transform_rotate_last_edited=\u00bbon|tablet\u00bb transform_skew_tablet=\u00bb\u00bb transform_skew_phone=\u00bb\u00bb transform_skew_last_edited=\u00bbon|tablet\u00bb transform_origin_tablet=\u00bb\u00bb transform_origin_phone=\u00bb\u00bb transform_origin_last_edited=\u00bbon|tablet\u00bb transform_styles_last_edited=\u00bbon|tablet\u00bb custom_padding=\u00bb65px|60px|70px|60px|false|false\u00bb hover_enabled=\u00bb0&#8243; transform_styles_tablet=\u00bb\u00bb transform_styles_phone=\u00bb\u00bb box_shadow_style=\u00bbpreset1&#8243; box_shadow_vertical=\u00bb0px\u00bb box_shadow_blur=\u00bb8px\u00bb box_shadow_color=\u00bbrgba(43,52,59,0.09)\u00bb global_colors_info=\u00bb{}\u00bb custom_padding_last_edited=\u00bbon|phone\u00bb custom_padding_phone=\u00bb65px|60px|0px|60px|false|false\u00bb sticky_enabled=\u00bb0&#8243; custom_padding_tablet=\u00bb65px|60px|70px|60px|false|false\u00bb][et_pb_text _builder_version=\u00bb4.20.0&#8243; _module_preset=\u00bbdefault\u00bb header_4_font=\u00bbSource Sans Pro|600|||||||\u00bb header_4_text_align=\u00bbcenter\u00bb header_4_text_color=\u00bb#1f9b00&#8243; header_4_font_size=\u00bb16px\u00bb custom_margin=\u00bb0px||15px||false|false\u00bb custom_padding=\u00bb0px||0px||false|false\u00bb hover_enabled=\u00bb0&#8243; global_colors_info=\u00bb{}\u00bb custom_margin_last_edited=\u00bbon|phone\u00bb custom_margin_phone=\u00bb-40px||3px||false|false\u00bb sticky_enabled=\u00bb0&#8243; custom_margin_tablet=\u00bb0px||15px||false|false\u00bb]<\/p>\n<h4><span>RESTAURANTE FAMILIAR<\/span><\/h4>\n<p>[\/et_pb_text][et_pb_text _builder_version=\u00bb4.20.0&#8243; _module_preset=\u00bbdefault\u00bb header_2_font=\u00bbArima Madurai|900|||||||\u00bb header_2_text_align=\u00bbcenter\u00bb header_2_text_color=\u00bb#191919&#8243; header_2_font_size=\u00bb38px\u00bb custom_margin=\u00bb0px||17px||false|false\u00bb custom_padding=\u00bb0px||0px||false|false\u00bb header_2_font_size_tablet=\u00bb38px\u00bb header_2_font_size_phone=\u00bb30px\u00bb header_2_font_size_last_edited=\u00bbon|phone\u00bb global_colors_info=\u00bb{}\u00bb]<\/p>\n<h2>Un lugar para la familia<\/h2>\n<p>[\/et_pb_text][et_pb_image src=\u00bbhttps:\/\/brayanspark.com\/wp-content\/uploads\/2023\/02\/restaurant-15-icon-verde.png\u00bb title_text=\u00bbrestaurant-15-icon verde\u00bb align=\u00bbcenter\u00bb _builder_version=\u00bb4.20.0&#8243; _module_preset=\u00bbdefault\u00bb custom_margin=\u00bb0px||25px||false|false\u00bb custom_padding=\u00bb0px||0px||false|false\u00bb custom_css_before=\u00bb    content: %22%22;||    position: absolute;||    width: 85px;||    height: 2px;||    margin: auto;||    top: 6px;||    background-color: #1f9b00;||    left: -157px;||    right: 0;\u00bb custom_css_after=\u00bbcontent: %22%22;||    position: absolute;||    width: 85px;||    height: 2px;||    margin: auto;||    top: 6px;||    background-color: #1f9b00;||\t\tleft: 137px;||    right: -20px;\u00bb global_colors_info=\u00bb{}\u00bb][\/et_pb_image][et_pb_text _builder_version=\u00bb4.20.0&#8243; _module_preset=\u00bbdefault\u00bb text_font=\u00bbSource Sans Pro||||||||\u00bb text_text_color=\u00bb#4d5257&#8243; text_font_size=\u00bb16px\u00bb text_line_height=\u00bb1.8em\u00bb text_orientation=\u00bbcenter\u00bb custom_margin=\u00bb0px||30px||false|false\u00bb custom_padding=\u00bb0px||0px||false|false\u00bb global_colors_info=\u00bb{}\u00bb]<\/p>\n<p style=\"text-align: justify;\"><span class=\"error misspelling\" data-type=\"misspelling\" data-suggestions=\"[{&quot;value&quot;:&quot;Rayan&quot;},{&quot;value&quot;:&quot;Brian&quot;},{&quot;value&quot;:&quot;Bryan&quot;},{&quot;value&quot;:&quot;Braman&quot;}]\" data-rule=\"MORFOLOGIK_RULE_ES\" title=\"Se ha encontrado un posible error ortogr\u00e1fico.\" data-word=\"Brayan\">Brayan<\/span><span>`s Park naci\u00f3 con el objetivo de ser un sitio que disfrute todos los miembros de una familia. Nuestra carta y nuestra ubicaci\u00f3n juegan un papel clave, ya que gracias a servir comida simple, pero echa con <strong>los mejores ingredientes<\/strong>, nos aseguramos que tanto los ni\u00f1os como los adultos puedan disfrutarla, nuestro plato estrella ser\u00edan nuestras <strong>pizzas totalmente italianas<\/strong>. Algo que nos destaca <\/span><span class=\"grammar correction\" data-type=\"grammar\" data-suggestions=\"[{&quot;value&quot;:&quot;tambi\u00e9n&quot;},{&quot;value&quot;:&quot;cambien&quot;}]\" data-rule=\"ES_SIMPLE_REPLACE_TAMBIEN\" title=\"\u00bfQuer\u00eda decir \u00abtambi\u00e9n\u00bb?\" data-word=\"tambien\">tambi\u00e9n<\/span><span> es nuestra hermosa terraza donde <\/span><span class=\"misspelling correction\" data-type=\"misspelling\" data-suggestions=\"[{&quot;value&quot;:&quot;podr\u00e1s&quot;},{&quot;value&quot;:&quot;podr\u00e1&quot;},{&quot;value&quot;:&quot;podr\u00e1n&quot;},{&quot;value&quot;:&quot;puedas&quot;},{&quot;value&quot;:&quot;pod\u00edas&quot;},{&quot;value&quot;:&quot;porras&quot;},{&quot;value&quot;:&quot;podas&quot;}]\" data-rule=\"MORFOLOGIK_RULE_ES\" title=\"Se ha encontrado un posible error ortogr\u00e1fico.\" data-word=\"podras\">podr\u00e1s<\/span><span> relajarte mientras los ni\u00f1os juegan en el parque.<\/span><\/p>\n<p>[\/et_pb_text][\/et_pb_column][\/et_pb_row][\/et_pb_section]<\/p>\n","protected":false},"excerpt":{"rendered":"<p>RESTAURANTE FAMILIARUn lugar para la familiaBrayan`s Park naci\u00f3 con el objetivo de ser un sitio que disfrute todos los miembros de una familia. Nuestra carta y nuestra ubicaci\u00f3n juegan un papel clave, ya que gracias a servir comida simple, pero echa con los mejores ingredientes, nos aseguramos que tanto los ni\u00f1os como los adultos puedan [&hellip;]<\/p>\n","protected":false},"author":1,"featured_media":0,"parent":0,"menu_order":0,"comment_status":"closed","ping_status":"closed","template":"","meta":{"_et_pb_use_builder":"on","_et_pb_old_content":"<!-- wp:divi\/placeholder \/-->","_et_gb_content_width":"","footnotes":""},"class_list":["post-683","page","type-page","status-publish","hentry"],"_links":{"self":[{"href":"https:\/\/brayanspark.com\/index.php?rest_route=\/wp\/v2\/pages\/683","targetHints":{"allow":["GET"]}}],"collection":[{"href":"https:\/\/brayanspark.com\/index.php?rest_route=\/wp\/v2\/pages"}],"about":[{"href":"https:\/\/brayanspark.com\/index.php?rest_route=\/wp\/v2\/types\/page"}],"author":[{"embeddable":true,"href":"https:\/\/brayanspark.com\/index.php?rest_route=\/wp\/v2\/users\/1"}],"replies":[{"embeddable":true,"href":"https:\/\/brayanspark.com\/index.php?rest_route=%2Fwp%2Fv2%2Fcomments&post=683"}],"version-history":[{"count":9,"href":"https:\/\/brayanspark.com\/index.php?rest_route=\/wp\/v2\/pages\/683\/revisions"}],"predecessor-version":[{"id":717,"href":"https:\/\/brayanspark.com\/index.php?rest_route=\/wp\/v2\/pages\/683\/revisions\/717"}],"wp:attachment":[{"href":"https:\/\/brayanspark.com\/index.php?rest_route=%2Fwp%2Fv2%2Fmedia&parent=683"}],"curies":[{"name":"wp","href":"https:\/\/api.w.org\/{rel}","templated":true}]}}